{"id":6,"date":"2018-03-17T13:32:39","date_gmt":"2018-03-17T13:32:39","guid":{"rendered":"http:\/\/ferienwohnung-amwaeldchen.de\/?page_id=6"},"modified":"2026-03-09T17:07:12","modified_gmt":"2026-03-09T17:07:12","slug":"preise-und-verfuegbarkeit","status":"publish","type":"page","link":"https:\/\/ferienwohnung-amwaeldchen.de\/?page_id=6","title":{"rendered":"Preise, Verf\u00fcgbarkeit und Buchung"},"content":{"rendered":"<h5>Preise<\/h5>\n<p>In der Hochsaison zwischen Mai und Oktober bevorzugen wir Vermietungen von mindestens einer Woche, in den \u00fcbrigen Monaten mindestens drei N\u00e4chte.<\/p>\n<p>Preise: F\u00fcr zwei Personen 110.-\u20ac\/Nacht f\u00fcr die ersten beiden N\u00e4chte, jede weitere Nacht 100.-\u20ac, \u00a0jede weitere Person 20.-\u20ac.<\/p>\n<p>Benutzung des zweiten Schlafzimmers bei 2 Personen einmalig 20.-\u20ac.<\/p>\n<p>Der Preis versteht sich inklusive Erstausstattung Handt\u00fccher, Bettw\u00e4sche, Geschirrtuch (W\u00e4schewechsel w\u00f6chentlich) und Endreinigung.<\/p>\n<h5>Verf\u00fcgbarkeit<\/h5>\n<p>Die Verf\u00fcgbarkeit unserer Ferienwohnung entnehmen Sie bitte dem Portal der Urlaubsregion Freinsheim, <a href=\"http:\/\/www.freinsheim.de\/tourismus_wein_und_kultur\/uebernachten.html?aktion=details&amp;rechts_links=nein&amp;id=5ea34eae-86d5-485e-860c-92a26ebb6bef&amp;typ=ferienwohnungen\">Am W\u00e4ldchen \u2013 Ferienwohnung Sand-Stockmann<\/a> (Stichwort Verf\u00fcgbarkeitskalender zeigen).<\/p>\n<h5>Anreise mit Kindern<\/h5>\n<p>Bei Anreise mit Kindern bieten wir Ihnen neben Kinderbett, Hochstuhl, Tritthocker, Kinderspielzeug auch einen Kinderwagenverleih.<\/p>\n<h5>Buchung<\/h5>\n<p>Ihre Buchung nehmen wir sehr gerne direkt entgegen, am liebsten \u00fcber eine kurze Email.<\/p>\n<p>Gerne k\u00f6nnen Sie unsere Wohnung auch via <a href=\"http:\/\/www.freinsheim.de\/tourismus_wein_und_kultur\/uebernachten\/eingabemaske.html?rechts_links=nein\">www.freinsheim.de<\/a> buchen.<\/p>\n<p>Alternativ ist zudem eine Buchung \u00fcber das <a href=\"https:\/\/www.pfalz.de\/reisen-und-buchen\/unterkunft\/am-waeldchen-ferienwohnung-sand-stockmann?search=\/search\/apachesolr_search\/sand-stockmann\">Portal der Pfalz Touristik<\/a> m\u00f6glich.<\/p>\n","protected":false},"excerpt":{"rendered":"<p>Preise In der Hochsaison zwischen Mai und Oktober bevorzugen wir Vermietungen von mindestens einer Woche, in den \u00fcbrigen Monaten mindestens drei N\u00e4chte. Preise: F\u00fcr zwei Personen 110.-\u20ac\/Nacht f\u00fcr die ersten beiden N\u00e4chte, jede weitere Nacht 100.-\u20ac, \u00a0jede weitere Person 20.-\u20ac. Benutzung des zweiten Schlafzimmers bei 2 Personen einmalig 20.-\u20ac. Der Preis versteht sich inklusive Erstausstattung &hellip; <\/p>\n<p class=\"link-more\"><a href=\"https:\/\/ferienwohnung-amwaeldchen.de\/?page_id=6\" class=\"more-link\"><span class=\"screen-reader-text\">\u201ePreise, Verf\u00fcgbarkeit und Buchung\u201c<\/span> weiterlesen<\/a><\/p>\n","protected":false},"author":1,"featured_media":0,"parent":0,"menu_order":0,"comment_status":"closed","ping_status":"closed","template":"","meta":{"footnotes":""},"_links":{"self":[{"href":"https:\/\/ferienwohnung-amwaeldchen.de\/index.php?rest_route=\/wp\/v2\/pages\/6"}],"collection":[{"href":"https:\/\/ferienwohnung-amwaeldchen.de\/index.php?rest_route=\/wp\/v2\/pages"}],"about":[{"href":"https:\/\/ferienwohnung-amwaeldchen.de\/index.php?rest_route=\/wp\/v2\/types\/page"}],"author":[{"embeddable":true,"href":"https:\/\/ferienwohnung-amwaeldchen.de\/index.php?rest_route=\/wp\/v2\/users\/1"}],"replies":[{"embeddable":true,"href":"https:\/\/ferienwohnung-amwaeldchen.de\/index.php?rest_route=%2Fwp%2Fv2%2Fcomments&post=6"}],"version-history":[{"count":9,"href":"https:\/\/ferienwohnung-amwaeldchen.de\/index.php?rest_route=\/wp\/v2\/pages\/6\/revisions"}],"predecessor-version":[{"id":95,"href":"https:\/\/ferienwohnung-amwaeldchen.de\/index.php?rest_route=\/wp\/v2\/pages\/6\/revisions\/95"}],"wp:attachment":[{"href":"https:\/\/ferienwohnung-amwaeldchen.de\/index.php?rest_route=%2Fwp%2Fv2%2Fmedia&parent=6"}],"curies":[{"name":"wp","href":"https:\/\/api.w.org\/{rel}","templated":true}]}}