{"id":4,"date":"2018-03-17T13:30:51","date_gmt":"2018-03-17T13:30:51","guid":{"rendered":"http:\/\/ferienwohnung-amwaeldchen.de\/?page_id=4"},"modified":"2024-05-18T12:39:44","modified_gmt":"2024-05-18T12:39:44","slug":"die-wohnung","status":"publish","type":"page","link":"https:\/\/ferienwohnung-amwaeldchen.de\/","title":{"rendered":"Die Wohnung"},"content":{"rendered":"\n<p><\/p>\n\n\n\n<div class=\"wp-block-columns is-layout-flex wp-container-core-columns-is-layout-1 wp-block-columns-is-layout-flex\">\n<div class=\"wp-block-column is-layout-flow wp-block-column-is-layout-flow\" style=\"flex-basis:66.66%\">\n<p>Die Wohnung besteht aus vier Zimmern, davon zwei mit gro\u00dfem Doppelbett ausgestattete Schlafzimmer, ein Wohnzimmer. Diese drei R\u00e4ume haben eine Hochebene, die \u00fcber Sambatreppen erreichbar sind. Oben k\u00f6nnen jeweils noch mal zwei Personen schlafen. Zwei der Hochebenen sind offen zum Schlafraum, die dritte (\u00fcber einem der Schlafzimmer) ist mit einer Fallt\u00fcr abtrennbar.<\/p>\n\n\n\n<p>F\u00fcr 4 Personen bietet die Ferienwohnung 3***-Komfort. Zus\u00e4tzliche Schlafm\u00f6glichkeiten k\u00f6nnen auf Anfrage bereit gestellt werden.<br>\u00dcber dem Eingangsbereich mit komplett ausgestatteter K\u00fcche und Essbereich liegt noch einmal eine sonnendurchflutete (wenn sie denn scheint) Galerie mit ausziehbarem Esstisch und Platz zum Aufhalten. Das ger\u00e4umige Tageslichtbad bietet Dusche, WC und Bidet, sowie eine Waschmaschine. Alle anderen R\u00e4ume haben gro\u00dfe Fenstert\u00fcren, die sich ins Gr\u00fcne \u00f6ffnen.<\/p>\n\n\n\n<p>Neben den drei M\u00f6glichkeiten sich in der Wohnung aufzuhalten ohne die Schlafzimmer in Anspruch nehmen zu m\u00fcssen, steht den G\u00e4sten der 1000m\u00b2 gro\u00dfe Garten mit sonniger Liegewiese und schattigem W\u00e4ldchen (daher der Name) zur Verf\u00fcgung. Gartenm\u00f6bel und Liegen sowie ein Grill sind vorhanden. Auch haben wir Platz f\u00fcr R\u00e4der und wenn gew\u00fcnscht, einen Autoabstellplatz. Zum Be- und Entladen kann auf jeden Fall aufs Grundst\u00fcck gefahren werden. Sie haben einen separaten Eingang.<\/p>\n<\/div>\n\n\n\n<div class=\"wp-block-column is-layout-flow wp-block-column-is-layout-flow\" style=\"flex-basis:33.33%\">\n<figure class=\"wp-block-image size-large\"><a href=\"http:\/\/www.tourcert.org\/\" target=\"_blank\" rel=\"noreferrer noopener\"><img loading=\"lazy\" decoding=\"async\" width=\"1024\" height=\"456\" src=\"http:\/\/ferienwohnung-amwaeldchen.de\/wp-content\/uploads\/2022\/06\/TourCert-Qualified-1024x456.png\" alt=\"\" class=\"wp-image-78\" srcset=\"https:\/\/ferienwohnung-amwaeldchen.de\/wp-content\/uploads\/2022\/06\/TourCert-Qualified-1024x456.png 1024w, https:\/\/ferienwohnung-amwaeldchen.de\/wp-content\/uploads\/2022\/06\/TourCert-Qualified-300x133.png 300w, https:\/\/ferienwohnung-amwaeldchen.de\/wp-content\/uploads\/2022\/06\/TourCert-Qualified-768x342.png 768w, https:\/\/ferienwohnung-amwaeldchen.de\/wp-content\/uploads\/2022\/06\/TourCert-Qualified.png 1371w\" sizes=\"(max-width: 706px) 89vw, (max-width: 767px) 82vw, 740px\" \/><\/a><\/figure>\n\n\n\n<figure class=\"wp-block-image size-large\"><a href=\"http:\/\/www.deutscheweinstrasse-pfalz.de\/nachhaltigkeit\"><img loading=\"lazy\" decoding=\"async\" width=\"240\" height=\"240\" src=\"http:\/\/ferienwohnung-amwaeldchen.de\/wp-content\/uploads\/2021\/07\/Logo_Partnerbetrieb_Gruen.jpeg\" alt=\"\" class=\"wp-image-63\" srcset=\"https:\/\/ferienwohnung-amwaeldchen.de\/wp-content\/uploads\/2021\/07\/Logo_Partnerbetrieb_Gruen.jpeg 240w, https:\/\/ferienwohnung-amwaeldchen.de\/wp-content\/uploads\/2021\/07\/Logo_Partnerbetrieb_Gruen-150x150.jpeg 150w, https:\/\/ferienwohnung-amwaeldchen.de\/wp-content\/uploads\/2021\/07\/Logo_Partnerbetrieb_Gruen-100x100.jpeg 100w\" sizes=\"(max-width: 240px) 100vw, 240px\" \/><\/a><\/figure>\n\n\n\n<figure class=\"wp-block-image size-large\"><img loading=\"lazy\" decoding=\"async\" width=\"274\" height=\"240\" src=\"https:\/\/ferienwohnung-amwaeldchen.de\/wp-content\/uploads\/2021\/07\/Pfalzcard_Fondverlauf_gross_CMYK.jpeg\" alt=\"\" class=\"wp-image-70\"\/><\/figure>\n<\/div>\n<\/div>\n\n\n\n<p><\/p>\n\n\n\n<p><\/p>\n\n\n\n<h5 class=\"wp-block-heading\">Ausstattung<\/h5>\n\n\n\n<ul>\n<li>Zwei Doppelschlafzimmer, davon eines mit Betten ohne Fu\u00dfende f\u00fcr lange Menschen<\/li>\n\n\n\n<li>Wohnzimmer mit Kabel-TV, Musikanlage mit Bluetooth-Anschlu\u00df, B\u00fccherregal, W-LAN<\/li>\n\n\n\n<li>Essraum mit vollst\u00e4ndig ausgestatteter K\u00fcche, Cerankochfeld, Herd, K\u00fchlschrank, Geschirrsp\u00fcler, Mikrowelle<\/li>\n\n\n\n<li>Des weiteren Kaffeemaschine, Eierkocher, Toaster, Racletteger\u00e4t, Handr\u00fchrger\u00e4t, Stabmixer, Zitronenpresse<\/li>\n\n\n\n<li>Zus\u00e4tzlicher Essplatz auf der Hochebene<\/li>\n\n\n\n<li>Alle Wohnr\u00e4ume mit Hochebenen mit (bis zu f\u00fcnf) weiteren Schlafgelegenheiten<\/li>\n\n\n\n<li>Tageslichtbad mit Dusche, WC, Waschmaschine<\/li>\n\n\n\n<li>Terrassen ringsum<\/li>\n\n\n\n<li>Garten mit Gartenm\u00f6beln und Liegen, Grill<\/li>\n\n\n\n<li>Fahrradabstellplatz \u00fcberdacht<\/li>\n\n\n\n<li>PKW-Parkplatz auf dem Grundst\u00fcck<\/li>\n\n\n\n<li>Inklusive Erstausstattung Handt\u00fccher, Bettw\u00e4sche, Geschirrtuch<\/li>\n<\/ul>\n\n\n\n<h5 class=\"wp-block-heading\">Eckdaten<\/h5>\n\n\n\n<p>4 Zimmer:<br>1 Wohnzimmer<br>2 Schlafzimmer mit Doppelbetten<br>1 K\u00fcche\/ Essbereich<br>Tageslichtbad mit Dusche<br>Quadratmeterzahl insgesamt: ca. 80 m\u00b2<\/p>\n\n\n\n<p>Zertifiziert mit drei Sternen des Deutschen Tourismusverbandes im M\u00e4rz 2014, best\u00e4tigt im Juni 2017.<\/p>\n\n\n\n<h5 class=\"wp-block-heading\">Grundriss<\/h5>\n\n\n\n<p>Die Wohnung verf\u00fcgt \u00fcber drei gleich gro\u00dfe Zimmer, sowie ein Bad und ein zentrales Zimmer, in dem sich Essplatz und K\u00fcche befinden und \u00fcber welches auch der Eintritt zur Wohnung erfolgt. Der nachstehende Grundriss gibt davon einen Eindruck (nicht ma\u00dfstabsgetreu):<\/p>\n\n\n\n<figure class=\"wp-block-image size-large\"><img loading=\"lazy\" decoding=\"async\" width=\"1024\" height=\"723\" src=\"https:\/\/ferienwohnung-amwaeldchen.de\/wp-content\/uploads\/2024\/05\/Grundriss_FewoaW-1024x723.png\" alt=\"\" class=\"wp-image-92\" srcset=\"https:\/\/ferienwohnung-amwaeldchen.de\/wp-content\/uploads\/2024\/05\/Grundriss_FewoaW-1024x723.png 1024w, https:\/\/ferienwohnung-amwaeldchen.de\/wp-content\/uploads\/2024\/05\/Grundriss_FewoaW-300x212.png 300w, https:\/\/ferienwohnung-amwaeldchen.de\/wp-content\/uploads\/2024\/05\/Grundriss_FewoaW-768x542.png 768w, https:\/\/ferienwohnung-amwaeldchen.de\/wp-content\/uploads\/2024\/05\/Grundriss_FewoaW-1536x1085.png 1536w, https:\/\/ferienwohnung-amwaeldchen.de\/wp-content\/uploads\/2024\/05\/Grundriss_FewoaW.png 1606w\" sizes=\"(max-width: 706px) 89vw, (max-width: 767px) 82vw, 740px\" \/><\/figure>\n","protected":false},"excerpt":{"rendered":"<p>Die Wohnung besteht aus vier Zimmern, davon zwei mit gro\u00dfem Doppelbett ausgestattete Schlafzimmer, ein Wohnzimmer. Diese drei R\u00e4ume haben eine Hochebene, die \u00fcber Sambatreppen erreichbar sind. Oben k\u00f6nnen jeweils noch mal zwei Personen schlafen. Zwei der Hochebenen sind offen zum Schlafraum, die dritte (\u00fcber einem der Schlafzimmer) ist mit einer Fallt\u00fcr abtrennbar. F\u00fcr 4 Personen &hellip; <\/p>\n<p class=\"link-more\"><a href=\"https:\/\/ferienwohnung-amwaeldchen.de\/\" class=\"more-link\"><span class=\"screen-reader-text\">\u201eDie Wohnung\u201c<\/span> weiterlesen<\/a><\/p>\n","protected":false},"author":1,"featured_media":0,"parent":0,"menu_order":0,"comment_status":"closed","ping_status":"closed","template":"","meta":{"footnotes":""},"_links":{"self":[{"href":"https:\/\/ferienwohnung-amwaeldchen.de\/index.php?rest_route=\/wp\/v2\/pages\/4"}],"collection":[{"href":"https:\/\/ferienwohnung-amwaeldchen.de\/index.php?rest_route=\/wp\/v2\/pages"}],"about":[{"href":"https:\/\/ferienwohnung-amwaeldchen.de\/index.php?rest_route=\/wp\/v2\/types\/page"}],"author":[{"embeddable":true,"href":"https:\/\/ferienwohnung-amwaeldchen.de\/index.php?rest_route=\/wp\/v2\/users\/1"}],"replies":[{"embeddable":true,"href":"https:\/\/ferienwohnung-amwaeldchen.de\/index.php?rest_route=%2Fwp%2Fv2%2Fcomments&post=4"}],"version-history":[{"count":11,"href":"https:\/\/ferienwohnung-amwaeldchen.de\/index.php?rest_route=\/wp\/v2\/pages\/4\/revisions"}],"predecessor-version":[{"id":93,"href":"https:\/\/ferienwohnung-amwaeldchen.de\/index.php?rest_route=\/wp\/v2\/pages\/4\/revisions\/93"}],"wp:attachment":[{"href":"https:\/\/ferienwohnung-amwaeldchen.de\/index.php?rest_route=%2Fwp%2Fv2%2Fmedia&parent=4"}],"curies":[{"name":"wp","href":"https:\/\/api.w.org\/{rel}","templated":true}]}}